{"id":93,"date":"2018-07-09T09:28:38","date_gmt":"2018-07-09T09:28:38","guid":{"rendered":"https:\/\/www.naturalwoodycrops.com\/?page_id=93"},"modified":"2026-02-16T11:53:30","modified_gmt":"2026-02-16T11:53:30","slug":"proyecto","status":"publish","type":"page","link":"https:\/\/www.naturalwoodycrops.com\/index.php\/proyecto\/","title":{"rendered":"Proyecto"},"content":{"rendered":"<div class=\"wpb-content-wrapper\"><p>[vc_row][vc_column width=&#8221;1\/2&#8243;][vc_single_image image=&#8221;132&#8243; img_size=&#8221;full&#8221; alignment=&#8221;center&#8221;][\/vc_column][vc_column width=&#8221;1\/2&#8243;][vc_column_text]La sociedad promotora de esta iniciativa es una sociedad limitada espa\u00f1ola denominada Natural Woody Crops, S.L. creada en 2016.<\/p>\n<p>Proyecto consistente en el cultivo de \u00e1rboles le\u00f1osos de frutos secos (almendros, pistachos, nogales y casta\u00f1os) y olivar, en fincas de regad\u00edo en r\u00e9gimen de arrendamiento o aparcer\u00eda en Espa\u00f1a y Portugal<\/p>\n<p>La explotaci\u00f3n de las fincas se realiza a trav\u00e9s de una sociedad mercantil (SPV) creada al efecto.<\/p>\n<p>Cada finca cuenta con un contrato de arrendamiento firmado por plazo de 20 -25 a\u00f1os, coincidente con la vida \u00fatil estimada del \u00e1rbol.<\/p>\n<p>El tama\u00f1o m\u00ednimo \u00f3ptimo de cada finca objeto de explotaci\u00f3n es de 100 has. si bien se estudian proyectos con superficies superiores a las 50 has.<\/p>\n<p>Modelo de cultivo: Intensivo o superintensivo<\/p>\n<p>Volumen de inversi\u00f3n previsto hasta 2020: 50.000.000 \u20ac[\/vc_column_text][\/vc_column][\/vc_row]<\/p>\n<\/div>","protected":false},"excerpt":{"rendered":"<p>[vc_row][vc_column width=&#8221;1\/2&#8243;][vc_single_image image=&#8221;132&#8243; img_size=&#8221;full&#8221; alignment=&#8221;center&#8221;][\/vc_column][vc_column width=&#8221;1\/2&#8243;][vc_column_text]La sociedad promotora de esta iniciativa es una sociedad limitada espa\u00f1ola denominada Natural Woody Crops, S.L. creada en 2016. Proyecto consistente en el cultivo de \u00e1rboles le\u00f1osos de frutos secos (almendros, pistachos, nogales y casta\u00f1os) y olivar, en fincas de regad\u00edo en r\u00e9gimen de arrendamiento o aparcer\u00eda en Espa\u00f1a y&hellip;<\/p>\n","protected":false},"author":1,"featured_media":0,"parent":0,"menu_order":0,"comment_status":"closed","ping_status":"closed","template":"","meta":{"footnotes":""},"class_list":["post-93","page","type-page","status-publish","hentry","description-off"],"yoast_head":"<!-- This site is optimized with the Yoast SEO plugin v27.3 - https:\/\/yoast.com\/product\/yoast-seo-wordpress\/ -->\n<title>Proyecto - Natural Woody Crops<\/title>\n<meta name=\"robots\" content=\"index, follow, max-snippet:-1, max-image-preview:large, max-video-preview:-1\" \/>\n<link rel=\"canonical\" href=\"https:\/\/www.naturalwoodycrops.com\/index.php\/proyecto\/\" \/>\n<meta property=\"og:locale\" content=\"en_US\" \/>\n<meta property=\"og:type\" content=\"article\" \/>\n<meta property=\"og:title\" content=\"Proyecto - Natural Woody Crops\" \/>\n<meta property=\"og:description\" content=\"[vc_row][vc_column width=&#8221;1\/2&#8243;][vc_single_image image=&#8221;132&#8243; img_size=&#8221;full&#8221; alignment=&#8221;center&#8221;][\/vc_column][vc_column width=&#8221;1\/2&#8243;][vc_column_text]La sociedad promotora de esta iniciativa es una sociedad limitada espa\u00f1ola denominada Natural Woody Crops, S.L. creada en 2016. Proyecto consistente en el cultivo de \u00e1rboles le\u00f1osos de frutos secos (almendros, pistachos, nogales y casta\u00f1os) y olivar, en fincas de regad\u00edo en r\u00e9gimen de arrendamiento o aparcer\u00eda en Espa\u00f1a y&hellip;\" \/>\n<meta property=\"og:url\" content=\"https:\/\/www.naturalwoodycrops.com\/index.php\/proyecto\/\" \/>\n<meta property=\"og:site_name\" content=\"Natural Woody Crops\" \/>\n<meta property=\"article:modified_time\" content=\"2026-02-16T11:53:30+00:00\" \/>\n<meta name=\"twitter:card\" content=\"summary_large_image\" \/>\n<meta name=\"twitter:label1\" content=\"Est. reading time\" \/>\n\t<meta name=\"twitter:data1\" content=\"1 minute\" \/>\n<script type=\"application\/ld+json\" class=\"yoast-schema-graph\">{\"@context\":\"https:\\\/\\\/schema.org\",\"@graph\":[{\"@type\":\"WebPage\",\"@id\":\"https:\\\/\\\/www.naturalwoodycrops.com\\\/index.php\\\/proyecto\\\/\",\"url\":\"https:\\\/\\\/www.naturalwoodycrops.com\\\/index.php\\\/proyecto\\\/\",\"name\":\"Proyecto - Natural Woody Crops\",\"isPartOf\":{\"@id\":\"https:\\\/\\\/www.naturalwoodycrops.com\\\/#website\"},\"datePublished\":\"2018-07-09T09:28:38+00:00\",\"dateModified\":\"2026-02-16T11:53:30+00:00\",\"breadcrumb\":{\"@id\":\"https:\\\/\\\/www.naturalwoodycrops.com\\\/index.php\\\/proyecto\\\/#breadcrumb\"},\"inLanguage\":\"en-US\",\"potentialAction\":[{\"@type\":\"ReadAction\",\"target\":[\"https:\\\/\\\/www.naturalwoodycrops.com\\\/index.php\\\/proyecto\\\/\"]}]},{\"@type\":\"BreadcrumbList\",\"@id\":\"https:\\\/\\\/www.naturalwoodycrops.com\\\/index.php\\\/proyecto\\\/#breadcrumb\",\"itemListElement\":[{\"@type\":\"ListItem\",\"position\":1,\"name\":\"Portada\",\"item\":\"https:\\\/\\\/www.naturalwoodycrops.com\\\/\"},{\"@type\":\"ListItem\",\"position\":2,\"name\":\"Proyecto\"}]},{\"@type\":\"WebSite\",\"@id\":\"https:\\\/\\\/www.naturalwoodycrops.com\\\/#website\",\"url\":\"https:\\\/\\\/www.naturalwoodycrops.com\\\/\",\"name\":\"Natural Woody Crops\",\"description\":\"NWC\",\"potentialAction\":[{\"@type\":\"SearchAction\",\"target\":{\"@type\":\"EntryPoint\",\"urlTemplate\":\"https:\\\/\\\/www.naturalwoodycrops.com\\\/?s={search_term_string}\"},\"query-input\":{\"@type\":\"PropertyValueSpecification\",\"valueRequired\":true,\"valueName\":\"search_term_string\"}}],\"inLanguage\":\"en-US\"}]}<\/script>\n<!-- \/ Yoast SEO plugin. -->","yoast_head_json":{"title":"Proyecto - Natural Woody Crops","robots":{"index":"index","follow":"follow","max-snippet":"max-snippet:-1","max-image-preview":"max-image-preview:large","max-video-preview":"max-video-preview:-1"},"canonical":"https:\/\/www.naturalwoodycrops.com\/index.php\/proyecto\/","og_locale":"en_US","og_type":"article","og_title":"Proyecto - Natural Woody Crops","og_description":"[vc_row][vc_column width=&#8221;1\/2&#8243;][vc_single_image image=&#8221;132&#8243; img_size=&#8221;full&#8221; alignment=&#8221;center&#8221;][\/vc_column][vc_column width=&#8221;1\/2&#8243;][vc_column_text]La sociedad promotora de esta iniciativa es una sociedad limitada espa\u00f1ola denominada Natural Woody Crops, S.L. creada en 2016. Proyecto consistente en el cultivo de \u00e1rboles le\u00f1osos de frutos secos (almendros, pistachos, nogales y casta\u00f1os) y olivar, en fincas de regad\u00edo en r\u00e9gimen de arrendamiento o aparcer\u00eda en Espa\u00f1a y&hellip;","og_url":"https:\/\/www.naturalwoodycrops.com\/index.php\/proyecto\/","og_site_name":"Natural Woody Crops","article_modified_time":"2026-02-16T11:53:30+00:00","twitter_card":"summary_large_image","twitter_misc":{"Est. reading time":"1 minute"},"schema":{"@context":"https:\/\/schema.org","@graph":[{"@type":"WebPage","@id":"https:\/\/www.naturalwoodycrops.com\/index.php\/proyecto\/","url":"https:\/\/www.naturalwoodycrops.com\/index.php\/proyecto\/","name":"Proyecto - Natural Woody Crops","isPartOf":{"@id":"https:\/\/www.naturalwoodycrops.com\/#website"},"datePublished":"2018-07-09T09:28:38+00:00","dateModified":"2026-02-16T11:53:30+00:00","breadcrumb":{"@id":"https:\/\/www.naturalwoodycrops.com\/index.php\/proyecto\/#breadcrumb"},"inLanguage":"en-US","potentialAction":[{"@type":"ReadAction","target":["https:\/\/www.naturalwoodycrops.com\/index.php\/proyecto\/"]}]},{"@type":"BreadcrumbList","@id":"https:\/\/www.naturalwoodycrops.com\/index.php\/proyecto\/#breadcrumb","itemListElement":[{"@type":"ListItem","position":1,"name":"Portada","item":"https:\/\/www.naturalwoodycrops.com\/"},{"@type":"ListItem","position":2,"name":"Proyecto"}]},{"@type":"WebSite","@id":"https:\/\/www.naturalwoodycrops.com\/#website","url":"https:\/\/www.naturalwoodycrops.com\/","name":"Natural Woody Crops","description":"NWC","potentialAction":[{"@type":"SearchAction","target":{"@type":"EntryPoint","urlTemplate":"https:\/\/www.naturalwoodycrops.com\/?s={search_term_string}"},"query-input":{"@type":"PropertyValueSpecification","valueRequired":true,"valueName":"search_term_string"}}],"inLanguage":"en-US"}]}},"_links":{"self":[{"href":"https:\/\/www.naturalwoodycrops.com\/index.php\/wp-json\/wp\/v2\/pages\/93","targetHints":{"allow":["GET"]}}],"collection":[{"href":"https:\/\/www.naturalwoodycrops.com\/index.php\/wp-json\/wp\/v2\/pages"}],"about":[{"href":"https:\/\/www.naturalwoodycrops.com\/index.php\/wp-json\/wp\/v2\/types\/page"}],"author":[{"embeddable":true,"href":"https:\/\/www.naturalwoodycrops.com\/index.php\/wp-json\/wp\/v2\/users\/1"}],"replies":[{"embeddable":true,"href":"https:\/\/www.naturalwoodycrops.com\/index.php\/wp-json\/wp\/v2\/comments?post=93"}],"version-history":[{"count":8,"href":"https:\/\/www.naturalwoodycrops.com\/index.php\/wp-json\/wp\/v2\/pages\/93\/revisions"}],"predecessor-version":[{"id":133,"href":"https:\/\/www.naturalwoodycrops.com\/index.php\/wp-json\/wp\/v2\/pages\/93\/revisions\/133"}],"wp:attachment":[{"href":"https:\/\/www.naturalwoodycrops.com\/index.php\/wp-json\/wp\/v2\/media?parent=93"}],"curies":[{"name":"wp","href":"https:\/\/api.w.org\/{rel}","templated":true}]}}