{"id":279,"date":"2024-05-23T07:45:09","date_gmt":"2024-05-23T07:45:09","guid":{"rendered":"https:\/\/www.naturalwoodycrops.com\/?page_id=279"},"modified":"2025-10-27T09:22:53","modified_gmt":"2025-10-27T09:22:53","slug":"proyecto-optial","status":"publish","type":"page","link":"https:\/\/www.naturalwoodycrops.com\/index.php\/proyecto-optial\/","title":{"rendered":"Proyecto Optial"},"content":{"rendered":"<div class=\"wpb-content-wrapper\"><p>[vc_row][vc_column][vc_single_image image=&#8221;310&#8243; img_size=&#8221;full&#8221; alignment=&#8221;center&#8221; onclick=&#8221;zoom&#8221;][vc_column_text]<\/p>\n<h1 style=\"text-align: center;\"><strong>PROYECTO OPTIAL<\/strong><\/h1>\n<p><strong>\u00a0<\/strong><\/p>\n<p><strong>\u00a0<\/strong><\/p>\n<p>El Grupo Operativo promotor del proyecto OPTIAL est\u00e1 compuesto por ISFA GESTI\u00d3N y NATURAL WOODY CROPS, entidades con amplia experiencia en el cultivo de almendro y conocedoras de la problem\u00e1tica a abordar.<\/p>\n<p>&nbsp;<\/p>\n<p>En Extremadura, en las \u00faltimas d\u00e9cadas el cultivo del almendro ha experimentado una gran transformaci\u00f3n, pasando de ser un cultivo minoritario a constituir un cultivo principal y ocupando en la actualidad amplias zonas de regad\u00edo.<\/p>\n<p>&nbsp;<\/p>\n<p>En el actual contexto clim\u00e1tico, existe un riesgo real de sufrir severas restricciones de la disponibilidad h\u00eddrica en el cultivo de almendro causadas por las recurrentes sequ\u00edas, cada vez m\u00e1s persistentes en la Cuenca Mediterr\u00e1nea, lo que supone un desaf\u00edo con efectos potencialmente devastadores para las nuevas plantaciones. En este sentido, la baja disponibilidad h\u00eddrica hace que el uso de estrategias de riego deficitario sean una pr\u00e1ctica ampliamente adoptada.<\/p>\n<p>&nbsp;<\/p>\n<p>OPTIAL plantea el desarrollo de nuevas metodolog\u00edas de control de las necesidades h\u00eddricas del almendro basadas en tecnolog\u00edas de agricultura de precisi\u00f3n que permitan desarrollar nuevas estrategias de riego m\u00e1s eficientes en el actual contexto de cambio clim\u00e1tico.<\/p>\n<p>&nbsp;<\/p>\n<p>El proyecto est\u00e1 enfocado fundamentalmente al sector almendrero extreme\u00f1o, que cuenta con m\u00e1s de 18.000ha y una importante proyecci\u00f3n de nuevas plantaciones en el corto-medio plazo.<\/p>\n<p>&nbsp;<\/p>\n<p>En estos momentos se est\u00e1 trabajando en las primeras fases del proyecto en las cuales se est\u00e1 realizando la monitorizaci\u00f3n de las necesidades h\u00eddricas del cultivo en base a nuevas herramientas de medici\u00f3n.<\/p>\n<p>&nbsp;<\/p>\n<p>Las parcelas que componen la red de monitorizaci\u00f3n y los puntos de control han sido ya seleccionados y se est\u00e1n realizando las tareas pertinentes para la puesta a punto de la instalaci\u00f3n piloto.<\/p>\n<p>&nbsp;<\/p>\n<p style=\"text-align: center;\">\u00a0Ayuda concedida: 242.094,60\u20ac<\/p>\n<p>&nbsp;<\/p>\n<p style=\"text-align: center;\">P\u00e1gina web de la Comisi\u00f3n Europea sobre Desarrollo Rural y Feader: <a href=\"https:\/\/agriculture.ec.europa.eu\/common-agricultural-policy\/rural-development_es\" target=\"_blank\" rel=\"noopener\">https:\/\/agriculture.ec.europa.eu\/common-agricultural-policy\/rural-development_es<\/a><\/p>\n<p>&nbsp;<\/p>\n<h3 style=\"text-align: center;\"><strong><u>AVANCES EN EL PRIMER HITO DEL PROYECTO OPTIAL.<\/u><\/strong><\/h3>\n<p>&nbsp;<\/p>\n<p>El proyecto OPTIAL sigue su curso en nuestras fincas de almendro extreme\u00f1as y pr\u00f3ximamente habremos completado el primer hito de los dos que componen el proyecto.<\/p>\n<p>&nbsp;<\/p>\n<p>En colaboraci\u00f3n con ISFA GESTI\u00d3N, estamos trabajando para desarrollar nuevas metodolog\u00edas de control de las necesidades h\u00eddricas del almendro basadas en tecnolog\u00edas de agricultura de precisi\u00f3n que permitir\u00e1n dise\u00f1ar nuevas estrategias de riego m\u00e1s eficientes en el actual contexto de cambio clim\u00e1tico.<\/p>\n<p>&nbsp;<\/p>\n<p>Actualmente tenemos ya completada nuestra instalaci\u00f3n piloto y estamos llevando a cabo una monitorizaci\u00f3n exhaustiva de las parcelas con el fin de recopilar los datos necesarios para el posterior desarrollo de nuevos modelos h\u00eddricos.<\/p>\n<p>&nbsp;<\/p>\n<p>Est\u00e1 previsto que el proyecto se ejecute en el per\u00edodo 2023-2025 de forma que se puedan tomar datos de almendro al menos durante dos campa\u00f1as consecutivas.<\/p>\n<p>&nbsp;<\/p>\n<p>OPTIAL es un proyecto financiado por el Fondo Europeo Agr\u00edcola y de Desarrollo Rural (FEADER), el Ministerio de Agricultura, Pesca y Alimentaci\u00f3n y la Junta de Extremadura.<\/p>\n<p>&nbsp;<\/p>\n<p>&nbsp;<\/p>\n<p><img loading=\"lazy\" decoding=\"async\" class=\"size-full wp-image-313 aligncenter\" src=\"http:\/\/www.naturalwoodycrops.com\/wp-content\/uploads\/2024\/06\/Estacion.jpg\" alt=\"\" width=\"256\" height=\"425\" srcset=\"https:\/\/www.naturalwoodycrops.com\/wp-content\/uploads\/2024\/06\/Estacion.jpg 256w, https:\/\/www.naturalwoodycrops.com\/wp-content\/uploads\/2024\/06\/Estacion-181x300.jpg 181w\" sizes=\"auto, (max-width: 256px) 100vw, 256px\" \/><\/p>\n<p>&nbsp;<\/p>\n<p>&nbsp;<\/p>\n<p><img loading=\"lazy\" decoding=\"async\" class=\" wp-image-309 aligncenter\" src=\"http:\/\/www.naturalwoodycrops.com\/wp-content\/uploads\/2024\/06\/Pie-optical.jpg\" alt=\"\" width=\"877\" height=\"133\" srcset=\"https:\/\/www.naturalwoodycrops.com\/wp-content\/uploads\/2024\/06\/Pie-optical.jpg 740w, https:\/\/www.naturalwoodycrops.com\/wp-content\/uploads\/2024\/06\/Pie-optical-300x45.jpg 300w\" sizes=\"auto, (max-width: 877px) 100vw, 877px\" \/><img loading=\"lazy\" decoding=\"async\" class=\" wp-image-32 aligncenter\" src=\"http:\/\/www.naturalwoodycrops.com\/wp-content\/uploads\/2018\/03\/logoNaturalcrops.png\" alt=\"\" width=\"172\" height=\"88\" srcset=\"https:\/\/www.naturalwoodycrops.com\/wp-content\/uploads\/2018\/03\/logoNaturalcrops.png 596w, https:\/\/www.naturalwoodycrops.com\/wp-content\/uploads\/2018\/03\/logoNaturalcrops-300x154.png 300w\" sizes=\"auto, (max-width: 172px) 100vw, 172px\" \/>[\/vc_column_text][vc_separator][\/vc_column][\/vc_row][vc_row][vc_column][vc_column_text]<\/p>\n<h3 style=\"text-align: center;\"><strong><u>AVANCES DEL PROYECTO OPTIAL.<\/u><\/strong><\/h3>\n<p>&nbsp;<\/p>\n<p>El proyecto OPTIAL sigue su curso en nuestras fincas de almendro extreme\u00f1as.<\/p>\n<p>&nbsp;<\/p>\n<p>En colaboraci\u00f3n con ISFA GESTI\u00d3N, estamos trabajando para desarrollar nuevas metodolog\u00edas de control de las necesidades h\u00eddricas del almendro basadas en tecnolog\u00edas de agricultura de precisi\u00f3n que permitir\u00e1n dise\u00f1ar nuevas estrategias de riego m\u00e1s eficientes en el actual contexto de cambio clim\u00e1tico.<\/p>\n<p>&nbsp;<\/p>\n<p>Actualmente estamos realizando mediciones utilizando una c\u00e1mara de presi\u00f3n Scholander.<\/p>\n<p>&nbsp;<\/p>\n<p>OPTIAL es un proyecto financiado por el Fondo Europeo Agr\u00edcola y de Desarrollo Rural (FEADER), el Ministerio de Agricultura, Pesca y Alimentaci\u00f3n y la Junta de Extremadura.<\/p>\n<p>&nbsp;<\/p>\n<p>&nbsp;<\/p>\n<p><img loading=\"lazy\" decoding=\"async\" class=\"size-full wp-image-322 aligncenter\" src=\"http:\/\/www.naturalwoodycrops.com\/wp-content\/uploads\/2024\/06\/estacion2.jpg\" alt=\"\" width=\"353\" height=\"675\" srcset=\"https:\/\/www.naturalwoodycrops.com\/wp-content\/uploads\/2024\/06\/estacion2.jpg 353w, https:\/\/www.naturalwoodycrops.com\/wp-content\/uploads\/2024\/06\/estacion2-157x300.jpg 157w\" sizes=\"auto, (max-width: 353px) 100vw, 353px\" \/><\/p>\n<p>&nbsp;<\/p>\n<p style=\"text-align: center;\">Ayuda concedida: 242.094,60\u20ac<\/p>\n<p>&nbsp;<\/p>\n<p><img loading=\"lazy\" decoding=\"async\" class=\"size-full wp-image-309 aligncenter\" src=\"http:\/\/www.naturalwoodycrops.com\/wp-content\/uploads\/2024\/06\/Pie-optical.jpg\" alt=\"\" width=\"740\" height=\"112\" srcset=\"https:\/\/www.naturalwoodycrops.com\/wp-content\/uploads\/2024\/06\/Pie-optical.jpg 740w, https:\/\/www.naturalwoodycrops.com\/wp-content\/uploads\/2024\/06\/Pie-optical-300x45.jpg 300w\" sizes=\"auto, (max-width: 740px) 100vw, 740px\" \/>[\/vc_column_text][\/vc_column][\/vc_row][vc_row][vc_column][vc_column_text]<\/p>\n<h3 style=\"text-align: center;\"><strong>OPTIAL: INNOVACI\u00d3N PARA UN USO EFICIENTE DEL AGUA EN EL CULTIVO DEL ALMENDRO EN EXTREMADURA.<\/strong><\/h3>\n<p>&nbsp;<\/p>\n<p>En un contexto de creciente preocupaci\u00f3n por la escasez h\u00eddrica y la sostenibilidad agr\u00edcola, el Grupo Operativo OPTIAL trabaja en un ambicioso proyecto titulado <strong>&#8220;OPTIMIZACI\u00d3N DEL CONTROL DE RIEGO PARA UN USO EFICIENTE DEL AGUA EN CULTIVO DE ALMENDRO&#8221;<\/strong>, cuyo objetivo es mejorar el uso del agua en el cultivo del almendro a trav\u00e9s de tecnolog\u00edas de agricultura de precisi\u00f3n.<\/p>\n<p>El equipo promotor de OPTIAL est\u00e1 compuesto por ISFA GESTI\u00d3N y NATURAL WOODY CROPS, dos entidades con amplia experiencia en el cultivo del almendro.<\/p>\n<p>El proyecto, que comenz\u00f3 en julio de 2023 y est\u00e1 previsto concluya en octubre de este a\u00f1o, est\u00e1 dirigido especialmente al sector almendrero extreme\u00f1o, que cuenta con una superficie de m\u00e1s de 18.000 hect\u00e1reas y una importante proyecci\u00f3n de nuevas plantaciones en el medio plazo. En un escenario marcado por las recurrentes sequ\u00edas, OPTIAL busca ofrecer soluciones efectivas para garantizar una producci\u00f3n de almendra sostenible y rentable.<\/p>\n<p>En el proyecto se est\u00e1 desarrollando un sistema de monitorizaci\u00f3n avanzada de las necesidades h\u00eddricas del almendro.<\/p>\n<p>Para ello, se est\u00e1n implementando nuevas herramientas de medici\u00f3n y un modelador h\u00eddrico que permitir\u00e1 dise\u00f1ar estrategias de riego personalizadas para cada explotaci\u00f3n. Estos avances estar\u00e1n disponibles para los agricultores a trav\u00e9s de una aplicaci\u00f3n web, permitiendo un acceso sencillo y en tiempo real a la informaci\u00f3n del cultivo.<\/p>\n<p>&nbsp;<\/p>\n<p><img loading=\"lazy\" decoding=\"async\" class=\"size-full wp-image-337 aligncenter\" src=\"http:\/\/www.naturalwoodycrops.com\/wp-content\/uploads\/2025\/05\/OPTIAL-MAYO-25.jpg\" alt=\"\" width=\"546\" height=\"585\" srcset=\"https:\/\/www.naturalwoodycrops.com\/wp-content\/uploads\/2025\/05\/OPTIAL-MAYO-25.jpg 546w, https:\/\/www.naturalwoodycrops.com\/wp-content\/uploads\/2025\/05\/OPTIAL-MAYO-25-280x300.jpg 280w\" sizes=\"auto, (max-width: 546px) 100vw, 546px\" \/><\/p>\n<p style=\"text-align: center;\"><strong>Im\u00e1genes tecnolog\u00edas de precisi\u00f3n para monitorizaci\u00f3n de cultivo Proyecto Optial<\/strong><\/p>\n<p>&nbsp;<\/p>\n<p>A partir de la puesta en marcha de las parcelas piloto, se han venido recogiendo datos de forma continua desde la campa\u00f1a 2023. Con el conjunto de datos de tres campa\u00f1as consecutivas se completar\u00e1 el modelo y se integrar\u00e1 en la aplicaci\u00f3n. Adem\u00e1s, se podr\u00e1n definir protocolos de riego enfocados a garantizar que el cultivo de almendro se desarrolle acorde a los par\u00e1metros de calidad y producci\u00f3n establecidos por los productores.<\/p>\n<p>As\u00ed, OPTIAL permitir\u00e1 a los agricultores optimizar el uso del agua, reduciendo costes y mejorando la calidad de las cosechas sin afectar a los rendimientos. Esto supone una ventaja econ\u00f3mica para los productores y una respuesta sostenible a los desaf\u00edos del cambio clim\u00e1tico.<\/p>\n<p style=\"text-align: center;\"><strong>Financiaci\u00f3n<\/strong><\/p>\n<p style=\"text-align: center;\">OPTIAL es un proyecto financiado por el Fondo Europeo Agr\u00edcola y de Desarrollo Rural (FEADER), el Ministerio de Agricultura, Pesca y Alimentaci\u00f3n y la Junta de Extremadura y cuenta con una ayuda concedida de 242.094,60\u20ac.<\/p>\n<p>&nbsp;<\/p>\n<p><img loading=\"lazy\" decoding=\"async\" class=\"size-full wp-image-309 aligncenter\" src=\"http:\/\/www.naturalwoodycrops.com\/wp-content\/uploads\/2024\/06\/Pie-optical.jpg\" alt=\"\" width=\"740\" height=\"112\" srcset=\"https:\/\/www.naturalwoodycrops.com\/wp-content\/uploads\/2024\/06\/Pie-optical.jpg 740w, https:\/\/www.naturalwoodycrops.com\/wp-content\/uploads\/2024\/06\/Pie-optical-300x45.jpg 300w\" sizes=\"auto, (max-width: 740px) 100vw, 740px\" \/>[\/vc_column_text][\/vc_column][\/vc_row][vc_row][vc_column][vc_column_text css=&#8221;&#8221;]<img loading=\"lazy\" decoding=\"async\" class=\"alignnone size-full wp-image-366\" src=\"http:\/\/www.naturalwoodycrops.com\/wp-content\/uploads\/2025\/10\/Carteles-Optial_online-scaled.png\" alt=\"\" width=\"1810\" height=\"2560\" srcset=\"https:\/\/www.naturalwoodycrops.com\/wp-content\/uploads\/2025\/10\/Carteles-Optial_online-scaled.png 1810w, https:\/\/www.naturalwoodycrops.com\/wp-content\/uploads\/2025\/10\/Carteles-Optial_online-212x300.png 212w, https:\/\/www.naturalwoodycrops.com\/wp-content\/uploads\/2025\/10\/Carteles-Optial_online-724x1024.png 724w, https:\/\/www.naturalwoodycrops.com\/wp-content\/uploads\/2025\/10\/Carteles-Optial_online-768x1086.png 768w, https:\/\/www.naturalwoodycrops.com\/wp-content\/uploads\/2025\/10\/Carteles-Optial_online-1086x1536.png 1086w, https:\/\/www.naturalwoodycrops.com\/wp-content\/uploads\/2025\/10\/Carteles-Optial_online-1448x2048.png 1448w\" sizes=\"auto, (max-width: 1810px) 100vw, 1810px\" \/>[\/vc_column_text][\/vc_column][\/vc_row]<\/p>\n<\/div>","protected":false},"excerpt":{"rendered":"<p>[vc_row][vc_column][vc_single_image image=&#8221;310&#8243; img_size=&#8221;full&#8221; alignment=&#8221;center&#8221; onclick=&#8221;zoom&#8221;][vc_column_text] PROYECTO OPTIAL \u00a0 \u00a0 El Grupo Operativo promotor del proyecto OPTIAL est\u00e1 compuesto por ISFA GESTI\u00d3N y NATURAL WOODY CROPS, entidades con amplia experiencia en el cultivo de almendro y conocedoras de la problem\u00e1tica a abordar. &nbsp; En Extremadura, en las \u00faltimas d\u00e9cadas el cultivo del almendro ha experimentado una&hellip;<\/p>\n","protected":false},"author":1,"featured_media":0,"parent":0,"menu_order":0,"comment_status":"closed","ping_status":"closed","template":"","meta":{"footnotes":""},"class_list":["post-279","page","type-page","status-publish","hentry","description-off"],"yoast_head":"<!-- This site is optimized with the Yoast SEO plugin v27.3 - https:\/\/yoast.com\/product\/yoast-seo-wordpress\/ -->\n<title>Proyecto Optial - Natural Woody Crops<\/title>\n<meta name=\"robots\" content=\"index, follow, max-snippet:-1, max-image-preview:large, max-video-preview:-1\" \/>\n<link rel=\"canonical\" href=\"https:\/\/www.naturalwoodycrops.com\/index.php\/proyecto-optial\/\" \/>\n<meta property=\"og:locale\" content=\"en_US\" \/>\n<meta property=\"og:type\" content=\"article\" \/>\n<meta property=\"og:title\" content=\"Proyecto Optial - Natural Woody Crops\" \/>\n<meta property=\"og:description\" content=\"[vc_row][vc_column][vc_single_image image=&#8221;310&#8243; img_size=&#8221;full&#8221; alignment=&#8221;center&#8221; onclick=&#8221;zoom&#8221;][vc_column_text] PROYECTO OPTIAL \u00a0 \u00a0 El Grupo Operativo promotor del proyecto OPTIAL est\u00e1 compuesto por ISFA GESTI\u00d3N y NATURAL WOODY CROPS, entidades con amplia experiencia en el cultivo de almendro y conocedoras de la problem\u00e1tica a abordar. &nbsp; En Extremadura, en las \u00faltimas d\u00e9cadas el cultivo del almendro ha experimentado una&hellip;\" \/>\n<meta property=\"og:url\" content=\"https:\/\/www.naturalwoodycrops.com\/index.php\/proyecto-optial\/\" \/>\n<meta property=\"og:site_name\" content=\"Natural Woody Crops\" \/>\n<meta property=\"article:modified_time\" content=\"2025-10-27T09:22:53+00:00\" \/>\n<meta property=\"og:image\" content=\"http:\/\/www.naturalwoodycrops.com\/wp-content\/uploads\/2024\/06\/Estacion.jpg\" \/>\n<meta name=\"twitter:card\" content=\"summary_large_image\" \/>\n<meta name=\"twitter:label1\" content=\"Est. reading time\" \/>\n\t<meta name=\"twitter:data1\" content=\"6 minutes\" \/>\n<script type=\"application\/ld+json\" class=\"yoast-schema-graph\">{\"@context\":\"https:\\\/\\\/schema.org\",\"@graph\":[{\"@type\":\"WebPage\",\"@id\":\"https:\\\/\\\/www.naturalwoodycrops.com\\\/index.php\\\/proyecto-optial\\\/\",\"url\":\"https:\\\/\\\/www.naturalwoodycrops.com\\\/index.php\\\/proyecto-optial\\\/\",\"name\":\"Proyecto Optial - Natural Woody Crops\",\"isPartOf\":{\"@id\":\"https:\\\/\\\/www.naturalwoodycrops.com\\\/#website\"},\"primaryImageOfPage\":{\"@id\":\"https:\\\/\\\/www.naturalwoodycrops.com\\\/index.php\\\/proyecto-optial\\\/#primaryimage\"},\"image\":{\"@id\":\"https:\\\/\\\/www.naturalwoodycrops.com\\\/index.php\\\/proyecto-optial\\\/#primaryimage\"},\"thumbnailUrl\":\"http:\\\/\\\/www.naturalwoodycrops.com\\\/wp-content\\\/uploads\\\/2024\\\/06\\\/Estacion.jpg\",\"datePublished\":\"2024-05-23T07:45:09+00:00\",\"dateModified\":\"2025-10-27T09:22:53+00:00\",\"breadcrumb\":{\"@id\":\"https:\\\/\\\/www.naturalwoodycrops.com\\\/index.php\\\/proyecto-optial\\\/#breadcrumb\"},\"inLanguage\":\"en-US\",\"potentialAction\":[{\"@type\":\"ReadAction\",\"target\":[\"https:\\\/\\\/www.naturalwoodycrops.com\\\/index.php\\\/proyecto-optial\\\/\"]}]},{\"@type\":\"ImageObject\",\"inLanguage\":\"en-US\",\"@id\":\"https:\\\/\\\/www.naturalwoodycrops.com\\\/index.php\\\/proyecto-optial\\\/#primaryimage\",\"url\":\"https:\\\/\\\/www.naturalwoodycrops.com\\\/wp-content\\\/uploads\\\/2024\\\/06\\\/Estacion.jpg\",\"contentUrl\":\"https:\\\/\\\/www.naturalwoodycrops.com\\\/wp-content\\\/uploads\\\/2024\\\/06\\\/Estacion.jpg\",\"width\":256,\"height\":425},{\"@type\":\"BreadcrumbList\",\"@id\":\"https:\\\/\\\/www.naturalwoodycrops.com\\\/index.php\\\/proyecto-optial\\\/#breadcrumb\",\"itemListElement\":[{\"@type\":\"ListItem\",\"position\":1,\"name\":\"Portada\",\"item\":\"https:\\\/\\\/www.naturalwoodycrops.com\\\/\"},{\"@type\":\"ListItem\",\"position\":2,\"name\":\"Proyecto Optial\"}]},{\"@type\":\"WebSite\",\"@id\":\"https:\\\/\\\/www.naturalwoodycrops.com\\\/#website\",\"url\":\"https:\\\/\\\/www.naturalwoodycrops.com\\\/\",\"name\":\"Natural Woody Crops\",\"description\":\"NWC\",\"potentialAction\":[{\"@type\":\"SearchAction\",\"target\":{\"@type\":\"EntryPoint\",\"urlTemplate\":\"https:\\\/\\\/www.naturalwoodycrops.com\\\/?s={search_term_string}\"},\"query-input\":{\"@type\":\"PropertyValueSpecification\",\"valueRequired\":true,\"valueName\":\"search_term_string\"}}],\"inLanguage\":\"en-US\"}]}<\/script>\n<!-- \/ Yoast SEO plugin. -->","yoast_head_json":{"title":"Proyecto Optial - Natural Woody Crops","robots":{"index":"index","follow":"follow","max-snippet":"max-snippet:-1","max-image-preview":"max-image-preview:large","max-video-preview":"max-video-preview:-1"},"canonical":"https:\/\/www.naturalwoodycrops.com\/index.php\/proyecto-optial\/","og_locale":"en_US","og_type":"article","og_title":"Proyecto Optial - Natural Woody Crops","og_description":"[vc_row][vc_column][vc_single_image image=&#8221;310&#8243; img_size=&#8221;full&#8221; alignment=&#8221;center&#8221; onclick=&#8221;zoom&#8221;][vc_column_text] PROYECTO OPTIAL \u00a0 \u00a0 El Grupo Operativo promotor del proyecto OPTIAL est\u00e1 compuesto por ISFA GESTI\u00d3N y NATURAL WOODY CROPS, entidades con amplia experiencia en el cultivo de almendro y conocedoras de la problem\u00e1tica a abordar. &nbsp; En Extremadura, en las \u00faltimas d\u00e9cadas el cultivo del almendro ha experimentado una&hellip;","og_url":"https:\/\/www.naturalwoodycrops.com\/index.php\/proyecto-optial\/","og_site_name":"Natural Woody Crops","article_modified_time":"2025-10-27T09:22:53+00:00","og_image":[{"url":"http:\/\/www.naturalwoodycrops.com\/wp-content\/uploads\/2024\/06\/Estacion.jpg","type":"","width":"","height":""}],"twitter_card":"summary_large_image","twitter_misc":{"Est. reading time":"6 minutes"},"schema":{"@context":"https:\/\/schema.org","@graph":[{"@type":"WebPage","@id":"https:\/\/www.naturalwoodycrops.com\/index.php\/proyecto-optial\/","url":"https:\/\/www.naturalwoodycrops.com\/index.php\/proyecto-optial\/","name":"Proyecto Optial - Natural Woody Crops","isPartOf":{"@id":"https:\/\/www.naturalwoodycrops.com\/#website"},"primaryImageOfPage":{"@id":"https:\/\/www.naturalwoodycrops.com\/index.php\/proyecto-optial\/#primaryimage"},"image":{"@id":"https:\/\/www.naturalwoodycrops.com\/index.php\/proyecto-optial\/#primaryimage"},"thumbnailUrl":"http:\/\/www.naturalwoodycrops.com\/wp-content\/uploads\/2024\/06\/Estacion.jpg","datePublished":"2024-05-23T07:45:09+00:00","dateModified":"2025-10-27T09:22:53+00:00","breadcrumb":{"@id":"https:\/\/www.naturalwoodycrops.com\/index.php\/proyecto-optial\/#breadcrumb"},"inLanguage":"en-US","potentialAction":[{"@type":"ReadAction","target":["https:\/\/www.naturalwoodycrops.com\/index.php\/proyecto-optial\/"]}]},{"@type":"ImageObject","inLanguage":"en-US","@id":"https:\/\/www.naturalwoodycrops.com\/index.php\/proyecto-optial\/#primaryimage","url":"https:\/\/www.naturalwoodycrops.com\/wp-content\/uploads\/2024\/06\/Estacion.jpg","contentUrl":"https:\/\/www.naturalwoodycrops.com\/wp-content\/uploads\/2024\/06\/Estacion.jpg","width":256,"height":425},{"@type":"BreadcrumbList","@id":"https:\/\/www.naturalwoodycrops.com\/index.php\/proyecto-optial\/#breadcrumb","itemListElement":[{"@type":"ListItem","position":1,"name":"Portada","item":"https:\/\/www.naturalwoodycrops.com\/"},{"@type":"ListItem","position":2,"name":"Proyecto Optial"}]},{"@type":"WebSite","@id":"https:\/\/www.naturalwoodycrops.com\/#website","url":"https:\/\/www.naturalwoodycrops.com\/","name":"Natural Woody Crops","description":"NWC","potentialAction":[{"@type":"SearchAction","target":{"@type":"EntryPoint","urlTemplate":"https:\/\/www.naturalwoodycrops.com\/?s={search_term_string}"},"query-input":{"@type":"PropertyValueSpecification","valueRequired":true,"valueName":"search_term_string"}}],"inLanguage":"en-US"}]}},"_links":{"self":[{"href":"https:\/\/www.naturalwoodycrops.com\/index.php\/wp-json\/wp\/v2\/pages\/279","targetHints":{"allow":["GET"]}}],"collection":[{"href":"https:\/\/www.naturalwoodycrops.com\/index.php\/wp-json\/wp\/v2\/pages"}],"about":[{"href":"https:\/\/www.naturalwoodycrops.com\/index.php\/wp-json\/wp\/v2\/types\/page"}],"author":[{"embeddable":true,"href":"https:\/\/www.naturalwoodycrops.com\/index.php\/wp-json\/wp\/v2\/users\/1"}],"replies":[{"embeddable":true,"href":"https:\/\/www.naturalwoodycrops.com\/index.php\/wp-json\/wp\/v2\/comments?post=279"}],"version-history":[{"count":27,"href":"https:\/\/www.naturalwoodycrops.com\/index.php\/wp-json\/wp\/v2\/pages\/279\/revisions"}],"predecessor-version":[{"id":368,"href":"https:\/\/www.naturalwoodycrops.com\/index.php\/wp-json\/wp\/v2\/pages\/279\/revisions\/368"}],"wp:attachment":[{"href":"https:\/\/www.naturalwoodycrops.com\/index.php\/wp-json\/wp\/v2\/media?parent=279"}],"curies":[{"name":"wp","href":"https:\/\/api.w.org\/{rel}","templated":true}]}}