{"id":238,"date":"2019-06-13T10:24:09","date_gmt":"2019-06-13T10:24:09","guid":{"rendered":"https:\/\/www.naturalwoodycrops.com\/?page_id=238"},"modified":"2019-06-13T10:24:09","modified_gmt":"2019-06-13T10:24:09","slug":"almendros-del-rosarito","status":"publish","type":"page","link":"https:\/\/www.naturalwoodycrops.com\/index.php\/almendros-del-rosarito\/","title":{"rendered":"Almendros del Rosarito"},"content":{"rendered":"<div class=\"wpb-content-wrapper\"><p>[vc_row][vc_column][vc_single_image image=&#8221;132&#8243; img_size=&#8221;large&#8221; alignment=&#8221;center&#8221;][vc_cta h2=&#8221;Almendros del Rosarito&#8221;]Finca: Deheson del Roble, Toledo<br \/>\nSuperficie: 90 has. Intensivo con marco de 6*4<br \/>\nA\u00f1o de Plantaci\u00f3n previsto: Oto\u00f1o 2019<br \/>\nPlantaci\u00f3n de almendros[\/vc_cta][\/vc_column][\/vc_row][vc_row][vc_column][vc_media_grid grid_id=&#8221;vc_gid:1560421425245-02d1fa8e-3b8f-0&#8243;][vc_btn title=&#8221;Volver&#8221; color=&#8221;peacoc&#8221; i_icon_fontawesome=&#8221;fa fa-caret-left&#8221; add_icon=&#8221;true&#8221; link=&#8221;url:https%3A%2F%2Fwww.naturalwoodycrops.com%2Findex.php%2Fexplotaciones-2%2F|||&#8221;][\/vc_column][\/vc_row]<\/p>\n<\/div>","protected":false},"excerpt":{"rendered":"<p>[vc_row][vc_column][vc_single_image image=&#8221;132&#8243; img_size=&#8221;large&#8221; alignment=&#8221;center&#8221;][vc_cta h2=&#8221;Almendros del Rosarito&#8221;]Finca: Deheson del Roble, Toledo Superficie: 90 has. Intensivo con marco de 6*4 A\u00f1o de Plantaci\u00f3n previsto: Oto\u00f1o 2019 Plantaci\u00f3n de almendros[\/vc_cta][\/vc_column][\/vc_row][vc_row][vc_column][vc_media_grid grid_id=&#8221;vc_gid:1560421425245-02d1fa8e-3b8f-0&#8243;][vc_btn title=&#8221;Volver&#8221; color=&#8221;peacoc&#8221; i_icon_fontawesome=&#8221;fa fa-caret-left&#8221; add_icon=&#8221;true&#8221; link=&#8221;url:https%3A%2F%2Fwww.naturalwoodycrops.com%2Findex.php%2Fexplotaciones-2%2F|||&#8221;][\/vc_column][\/vc_row]<\/p>\n","protected":false},"author":1,"featured_media":0,"parent":0,"menu_order":0,"comment_status":"closed","ping_status":"closed","template":"","meta":{"footnotes":""},"class_list":["post-238","page","type-page","status-publish","hentry","description-off"],"yoast_head":"<!-- This site is optimized with the Yoast SEO plugin v27.3 - https:\/\/yoast.com\/product\/yoast-seo-wordpress\/ -->\n<title>Almendros del Rosarito - Natural Woody Crops<\/title>\n<meta name=\"robots\" content=\"index, follow, max-snippet:-1, max-image-preview:large, max-video-preview:-1\" \/>\n<link rel=\"canonical\" href=\"https:\/\/www.naturalwoodycrops.com\/index.php\/almendros-del-rosarito\/\" \/>\n<meta property=\"og:locale\" content=\"en_US\" \/>\n<meta property=\"og:type\" content=\"article\" \/>\n<meta property=\"og:title\" content=\"Almendros del Rosarito - Natural Woody Crops\" \/>\n<meta property=\"og:description\" content=\"[vc_row][vc_column][vc_single_image image=&#8221;132&#8243; img_size=&#8221;large&#8221; alignment=&#8221;center&#8221;][vc_cta h2=&#8221;Almendros del Rosarito&#8221;]Finca: Deheson del Roble, Toledo Superficie: 90 has. Intensivo con marco de 6*4 A\u00f1o de Plantaci\u00f3n previsto: Oto\u00f1o 2019 Plantaci\u00f3n de almendros[\/vc_cta][\/vc_column][\/vc_row][vc_row][vc_column][vc_media_grid grid_id=&#8221;vc_gid:1560421425245-02d1fa8e-3b8f-0&#8243;][vc_btn title=&#8221;Volver&#8221; color=&#8221;peacoc&#8221; i_icon_fontawesome=&#8221;fa fa-caret-left&#8221; add_icon=&#8221;true&#8221; link=&#8221;url:https%3A%2F%2Fwww.naturalwoodycrops.com%2Findex.php%2Fexplotaciones-2%2F|||&#8221;][\/vc_column][\/vc_row]\" \/>\n<meta property=\"og:url\" content=\"https:\/\/www.naturalwoodycrops.com\/index.php\/almendros-del-rosarito\/\" \/>\n<meta property=\"og:site_name\" content=\"Natural Woody Crops\" \/>\n<meta name=\"twitter:card\" content=\"summary_large_image\" \/>\n<script type=\"application\/ld+json\" class=\"yoast-schema-graph\">{\"@context\":\"https:\\\/\\\/schema.org\",\"@graph\":[{\"@type\":\"WebPage\",\"@id\":\"https:\\\/\\\/www.naturalwoodycrops.com\\\/index.php\\\/almendros-del-rosarito\\\/\",\"url\":\"https:\\\/\\\/www.naturalwoodycrops.com\\\/index.php\\\/almendros-del-rosarito\\\/\",\"name\":\"Almendros del Rosarito - Natural Woody Crops\",\"isPartOf\":{\"@id\":\"https:\\\/\\\/www.naturalwoodycrops.com\\\/#website\"},\"datePublished\":\"2019-06-13T10:24:09+00:00\",\"breadcrumb\":{\"@id\":\"https:\\\/\\\/www.naturalwoodycrops.com\\\/index.php\\\/almendros-del-rosarito\\\/#breadcrumb\"},\"inLanguage\":\"en-US\",\"potentialAction\":[{\"@type\":\"ReadAction\",\"target\":[\"https:\\\/\\\/www.naturalwoodycrops.com\\\/index.php\\\/almendros-del-rosarito\\\/\"]}]},{\"@type\":\"BreadcrumbList\",\"@id\":\"https:\\\/\\\/www.naturalwoodycrops.com\\\/index.php\\\/almendros-del-rosarito\\\/#breadcrumb\",\"itemListElement\":[{\"@type\":\"ListItem\",\"position\":1,\"name\":\"Portada\",\"item\":\"https:\\\/\\\/www.naturalwoodycrops.com\\\/\"},{\"@type\":\"ListItem\",\"position\":2,\"name\":\"Almendros del Rosarito\"}]},{\"@type\":\"WebSite\",\"@id\":\"https:\\\/\\\/www.naturalwoodycrops.com\\\/#website\",\"url\":\"https:\\\/\\\/www.naturalwoodycrops.com\\\/\",\"name\":\"Natural Woody Crops\",\"description\":\"NWC\",\"potentialAction\":[{\"@type\":\"SearchAction\",\"target\":{\"@type\":\"EntryPoint\",\"urlTemplate\":\"https:\\\/\\\/www.naturalwoodycrops.com\\\/?s={search_term_string}\"},\"query-input\":{\"@type\":\"PropertyValueSpecification\",\"valueRequired\":true,\"valueName\":\"search_term_string\"}}],\"inLanguage\":\"en-US\"}]}<\/script>\n<!-- \/ Yoast SEO plugin. -->","yoast_head_json":{"title":"Almendros del Rosarito - Natural Woody Crops","robots":{"index":"index","follow":"follow","max-snippet":"max-snippet:-1","max-image-preview":"max-image-preview:large","max-video-preview":"max-video-preview:-1"},"canonical":"https:\/\/www.naturalwoodycrops.com\/index.php\/almendros-del-rosarito\/","og_locale":"en_US","og_type":"article","og_title":"Almendros del Rosarito - Natural Woody Crops","og_description":"[vc_row][vc_column][vc_single_image image=&#8221;132&#8243; img_size=&#8221;large&#8221; alignment=&#8221;center&#8221;][vc_cta h2=&#8221;Almendros del Rosarito&#8221;]Finca: Deheson del Roble, Toledo Superficie: 90 has. Intensivo con marco de 6*4 A\u00f1o de Plantaci\u00f3n previsto: Oto\u00f1o 2019 Plantaci\u00f3n de almendros[\/vc_cta][\/vc_column][\/vc_row][vc_row][vc_column][vc_media_grid grid_id=&#8221;vc_gid:1560421425245-02d1fa8e-3b8f-0&#8243;][vc_btn title=&#8221;Volver&#8221; color=&#8221;peacoc&#8221; i_icon_fontawesome=&#8221;fa fa-caret-left&#8221; add_icon=&#8221;true&#8221; link=&#8221;url:https%3A%2F%2Fwww.naturalwoodycrops.com%2Findex.php%2Fexplotaciones-2%2F|||&#8221;][\/vc_column][\/vc_row]","og_url":"https:\/\/www.naturalwoodycrops.com\/index.php\/almendros-del-rosarito\/","og_site_name":"Natural Woody Crops","twitter_card":"summary_large_image","schema":{"@context":"https:\/\/schema.org","@graph":[{"@type":"WebPage","@id":"https:\/\/www.naturalwoodycrops.com\/index.php\/almendros-del-rosarito\/","url":"https:\/\/www.naturalwoodycrops.com\/index.php\/almendros-del-rosarito\/","name":"Almendros del Rosarito - Natural Woody Crops","isPartOf":{"@id":"https:\/\/www.naturalwoodycrops.com\/#website"},"datePublished":"2019-06-13T10:24:09+00:00","breadcrumb":{"@id":"https:\/\/www.naturalwoodycrops.com\/index.php\/almendros-del-rosarito\/#breadcrumb"},"inLanguage":"en-US","potentialAction":[{"@type":"ReadAction","target":["https:\/\/www.naturalwoodycrops.com\/index.php\/almendros-del-rosarito\/"]}]},{"@type":"BreadcrumbList","@id":"https:\/\/www.naturalwoodycrops.com\/index.php\/almendros-del-rosarito\/#breadcrumb","itemListElement":[{"@type":"ListItem","position":1,"name":"Portada","item":"https:\/\/www.naturalwoodycrops.com\/"},{"@type":"ListItem","position":2,"name":"Almendros del Rosarito"}]},{"@type":"WebSite","@id":"https:\/\/www.naturalwoodycrops.com\/#website","url":"https:\/\/www.naturalwoodycrops.com\/","name":"Natural Woody Crops","description":"NWC","potentialAction":[{"@type":"SearchAction","target":{"@type":"EntryPoint","urlTemplate":"https:\/\/www.naturalwoodycrops.com\/?s={search_term_string}"},"query-input":{"@type":"PropertyValueSpecification","valueRequired":true,"valueName":"search_term_string"}}],"inLanguage":"en-US"}]}},"_links":{"self":[{"href":"https:\/\/www.naturalwoodycrops.com\/index.php\/wp-json\/wp\/v2\/pages\/238","targetHints":{"allow":["GET"]}}],"collection":[{"href":"https:\/\/www.naturalwoodycrops.com\/index.php\/wp-json\/wp\/v2\/pages"}],"about":[{"href":"https:\/\/www.naturalwoodycrops.com\/index.php\/wp-json\/wp\/v2\/types\/page"}],"author":[{"embeddable":true,"href":"https:\/\/www.naturalwoodycrops.com\/index.php\/wp-json\/wp\/v2\/users\/1"}],"replies":[{"embeddable":true,"href":"https:\/\/www.naturalwoodycrops.com\/index.php\/wp-json\/wp\/v2\/comments?post=238"}],"version-history":[{"count":1,"href":"https:\/\/www.naturalwoodycrops.com\/index.php\/wp-json\/wp\/v2\/pages\/238\/revisions"}],"predecessor-version":[{"id":239,"href":"https:\/\/www.naturalwoodycrops.com\/index.php\/wp-json\/wp\/v2\/pages\/238\/revisions\/239"}],"wp:attachment":[{"href":"https:\/\/www.naturalwoodycrops.com\/index.php\/wp-json\/wp\/v2\/media?parent=238"}],"curies":[{"name":"wp","href":"https:\/\/api.w.org\/{rel}","templated":true}]}}